{"id":81,"date":"2020-04-01T00:43:25","date_gmt":"2020-03-31T22:43:25","guid":{"rendered":"https:\/\/www.soundarium.fr\/?page_id=81"},"modified":"2020-04-02T00:12:33","modified_gmt":"2020-04-01T22:12:33","slug":"spectacles","status":"publish","type":"page","link":"https:\/\/www.soundarium.fr\/index.php\/spectacles\/","title":{"rendered":"C\u00e9dric Perras"},"content":{"rendered":"\n<p>26 octobre 2019&nbsp;: SoundArium 12.1 Carte Blanche Terence Briand Mise en  sc\u00e8ne sonore \/S\u00e9bastien Bedrunes Effets sonores \/ C\u00e9dric Perras Guitare<\/p>\n\n\n\n<figure class=\"wp-block-image size-large\"><img loading=\"lazy\" decoding=\"async\" width=\"768\" height=\"1024\" src=\"https:\/\/www.soundarium.fr\/wp-content\/uploads\/2020\/04\/IMG_6641-768x1024.jpg\" alt=\"\" class=\"wp-image-85\" srcset=\"https:\/\/www.soundarium.fr\/wp-content\/uploads\/2020\/04\/IMG_6641-768x1023.jpg 768w, https:\/\/www.soundarium.fr\/wp-content\/uploads\/2020\/04\/IMG_6641-225x300.jpg 225w, https:\/\/www.soundarium.fr\/wp-content\/uploads\/2020\/04\/IMG_6641-1153x1536.jpg 1153w, https:\/\/www.soundarium.fr\/wp-content\/uploads\/2020\/04\/IMG_6641-1200x1599.jpg 1200w, https:\/\/www.soundarium.fr\/wp-content\/uploads\/2020\/04\/IMG_6641.jpg 1347w\" sizes=\"(max-width: 768px) 100vw, 768px\" \/><figcaption>Improvisation guitare acoustique dans le publique. <br>Le musicien, les metteurs en sc\u00e8ne sonore et le publique entende un SoundArium 12.1. <\/figcaption><\/figure>\n\n\n\n<figure class=\"wp-block-image size-large\"><img loading=\"lazy\" decoding=\"async\" width=\"1024\" height=\"768\" src=\"https:\/\/www.soundarium.fr\/wp-content\/uploads\/2020\/04\/IMG_6638-1024x768.jpg\" alt=\"\" class=\"wp-image-83\" srcset=\"https:\/\/www.soundarium.fr\/wp-content\/uploads\/2020\/04\/IMG_6638-1024x768.jpg 1024w, https:\/\/www.soundarium.fr\/wp-content\/uploads\/2020\/04\/IMG_6638-300x225.jpg 300w, https:\/\/www.soundarium.fr\/wp-content\/uploads\/2020\/04\/IMG_6638-768x576.jpg 768w, https:\/\/www.soundarium.fr\/wp-content\/uploads\/2020\/04\/IMG_6638-1536x1152.jpg 1536w, https:\/\/www.soundarium.fr\/wp-content\/uploads\/2020\/04\/IMG_6638-1200x900.jpg 1200w, https:\/\/www.soundarium.fr\/wp-content\/uploads\/2020\/04\/IMG_6638.jpg 1728w\" sizes=\"(max-width: 1024px) 100vw, 1024px\" \/><figcaption>Public et Artistes dans le SoundArium 12.1<\/figcaption><\/figure>\n\n\n\n<figure class=\"wp-block-image size-large\"><img loading=\"lazy\" decoding=\"async\" width=\"1024\" height=\"768\" src=\"https:\/\/www.soundarium.fr\/wp-content\/uploads\/2020\/04\/IMG_6637-1024x768.jpg\" alt=\"\" class=\"wp-image-82\" srcset=\"https:\/\/www.soundarium.fr\/wp-content\/uploads\/2020\/04\/IMG_6637-1024x768.jpg 1024w, https:\/\/www.soundarium.fr\/wp-content\/uploads\/2020\/04\/IMG_6637-300x225.jpg 300w, https:\/\/www.soundarium.fr\/wp-content\/uploads\/2020\/04\/IMG_6637-768x576.jpg 768w, https:\/\/www.soundarium.fr\/wp-content\/uploads\/2020\/04\/IMG_6637-1536x1152.jpg 1536w, https:\/\/www.soundarium.fr\/wp-content\/uploads\/2020\/04\/IMG_6637-1200x900.jpg 1200w, https:\/\/www.soundarium.fr\/wp-content\/uploads\/2020\/04\/IMG_6637.jpg 1944w\" sizes=\"(max-width: 1024px) 100vw, 1024px\" \/><figcaption>C\u00e9dric Perras &#8211; Terence Briand &#8211; S\u00e9bastien Bedrunes<\/figcaption><\/figure>\n\n\n\n<figure class=\"wp-block-embed-youtube wp-block-embed is-type-video is-provider-youtube wp-embed-aspect-16-9 wp-has-aspect-ratio\"><div class=\"wp-block-embed__wrapper\">\n<iframe loading=\"lazy\" title=\"C. Perras Improvisation Binaural V2\" width=\"580\" height=\"326\" src=\"https:\/\/www.youtube.com\/embed\/-cDdxOQ-eVA?feature=oembed\" frameborder=\"0\" allow=\"accelerometer; autoplay; encrypted-media; gyroscope; picture-in-picture\" allowfullscreen><\/iframe>\n<\/div><figcaption>A \u00e9couter exclusivement au casque<br>Improvisation Live en Binaural au studio Nyima en Janvier 2020.<\/figcaption><\/figure>\n\n\n<h2><br \/>Note d&rsquo;intention de l&rsquo;artiste<!--StartFragment--><\/h2>\n\n\n<p><em>\u00ab&nbsp;Quoi de plus passionnant que de voir la\nmusique que l\u2019on produit prendre sa libert\u00e9 et naviguer dans l\u2019espace telle une\ncr\u00e9ature ayant sa vie propre.<\/em><em><\/em><\/p>\n\n\n\n<p><em>Le Soundarium permet&nbsp;cette fantasmagorie.\nCertaines personnes visualisent la musique comme des formes, des espaces, des\ncouleurs. Ce ressenti synesth\u00e9sique peut \u00eatre \u00e0 la source de grandes \u00e9motions,\npermettant \u00e0 l\u2019auditeur de sortir de lui-m\u00eame, de plonger dans le son comme on\nplongerait dans un tableau, de s\u2019immerger dans un univers en trois dimensions dans\nlequel se d\u00e9placer devient un jeu, une aventure.<\/em><em><\/em><\/p>\n\n\n\n<p><em>V\u00e9ritable dispositif permettant de lib\u00e9rer la musique\npour qu\u2019elle flotte dans l\u2019espace, le Soundarium permet au public de ne plus\n\u00eatre limit\u00e9 \u00e0 une source unique, \u00e0 un point de focalisation. D\u00e9sormais lib\u00e9r\u00e9\nde la tyrannie d\u2019un son frontal, l\u2019auditeur peut d\u00e9sormais se d\u00e9placer dans la\nsculpture sonore et devenir alors acteur lui aussi, dans une r\u00e9alit\u00e9 immersive\nque l\u2019on pourrait comparer \u00e0 la r\u00e9alit\u00e9 augment\u00e9e pour le visuel.<\/em><em><\/em><\/p>\n\n\n\n<p><em>Le Soundarium permet \u00e9galement de faire disparaitre\nles fronti\u00e8res entre musicien\/metteur en son\/technicien\/artiste et m\u00eame\npublic.&nbsp;<\/em><em><\/em><\/p>\n\n\n\n<p><em>Les trois protagonistes prennent alors \u00e0 parts \u00e9gales\nla production d\u2019une \u0153uvre \u00e9ph\u00e9m\u00e8re, brouillant les pistes en un v\u00e9ritable\ndialogue, ping-pong o\u00f9 l\u2019improvisation et la surprise sont toujours au\nrendez-vous, pouvant interagir avec le public et ses r\u00e9actions ou ses\nd\u00e9placements.<\/em><em><\/em><\/p>\n\n\n\n<p><em>Cr\u00e9er des paysages multicolores, des sculptures\nsonores dans lesquelles se perdre, des labyrinthes harmoniques dans lesquels\nr\u00eaver, cela semble si proche gr\u00e2ce \u00e0 cet Athanor des temps modernes.&nbsp;\u00bb<\/em><em><\/em><\/p>\n\n\n\n<p><em>Les \u00e9v\u00e9nements\nsonores pourront \u00eatre figuratifs et abstraits, les artistes pourront \u00eatre musiciens\net techniciens, le son pourra \u00eatre musique et&nbsp;songes.<\/em><em><\/em><\/p>\n\n\n\n<p><em>L\u2019aboutissement\ndu Soundarium c\u2019est la r\u00e9alisation d\u2019une exp\u00e9rience live singuli\u00e8re et la\ncr\u00e9ation de souvenirs monumentaux.&nbsp;\u00bb<\/em><em><\/em><\/p>\n\n\n<p><!--EndFragment--><br>\n<br>\n<\/p>","protected":false},"excerpt":{"rendered":"<p>26 octobre 2019&nbsp;: SoundArium 12.1 Carte Blanche Terence Briand Mise en sc\u00e8ne sonore \/S\u00e9bastien Bedrunes Effets sonores \/ C\u00e9dric Perras Guitare Note d&rsquo;intention de l&rsquo;artiste \u00ab&nbsp;Quoi de plus passionnant que de voir la musique que l\u2019on produit prendre sa libert\u00e9 et naviguer dans l\u2019espace telle une cr\u00e9ature ayant sa vie propre. Le Soundarium permet&nbsp;cette fantasmagorie. [&hellip;]<\/p>\n","protected":false},"author":1,"featured_media":0,"parent":0,"menu_order":0,"comment_status":"closed","ping_status":"closed","template":"","meta":{"footnotes":""},"_links":{"self":[{"href":"https:\/\/www.soundarium.fr\/index.php\/wp-json\/wp\/v2\/pages\/81"}],"collection":[{"href":"https:\/\/www.soundarium.fr\/index.php\/wp-json\/wp\/v2\/pages"}],"about":[{"href":"https:\/\/www.soundarium.fr\/index.php\/wp-json\/wp\/v2\/types\/page"}],"author":[{"embeddable":true,"href":"https:\/\/www.soundarium.fr\/index.php\/wp-json\/wp\/v2\/users\/1"}],"replies":[{"embeddable":true,"href":"https:\/\/www.soundarium.fr\/index.php\/wp-json\/wp\/v2\/comments?post=81"}],"version-history":[{"count":7,"href":"https:\/\/www.soundarium.fr\/index.php\/wp-json\/wp\/v2\/pages\/81\/revisions"}],"predecessor-version":[{"id":115,"href":"https:\/\/www.soundarium.fr\/index.php\/wp-json\/wp\/v2\/pages\/81\/revisions\/115"}],"wp:attachment":[{"href":"https:\/\/www.soundarium.fr\/index.php\/wp-json\/wp\/v2\/media?parent=81"}],"curies":[{"name":"wp","href":"https:\/\/api.w.org\/{rel}","templated":true}]}}