{"id":43,"date":"2020-03-31T23:16:39","date_gmt":"2020-03-31T21:16:39","guid":{"rendered":"https:\/\/www.soundarium.fr\/?page_id=43"},"modified":"2020-04-06T20:42:47","modified_gmt":"2020-04-06T18:42:47","slug":"techniques","status":"publish","type":"page","link":"https:\/\/www.soundarium.fr\/index.php\/techniques\/","title":{"rendered":"Techniques"},"content":{"rendered":"\n<figure class=\"wp-block-image size-large\"><img loading=\"lazy\" decoding=\"async\" width=\"1024\" height=\"768\" src=\"https:\/\/www.soundarium.fr\/wp-content\/uploads\/2020\/03\/IMG_6585-1024x768.jpg\" alt=\"\" class=\"wp-image-56\" srcset=\"https:\/\/www.soundarium.fr\/wp-content\/uploads\/2020\/03\/IMG_6585-1024x768.jpg 1024w, https:\/\/www.soundarium.fr\/wp-content\/uploads\/2020\/03\/IMG_6585-300x225.jpg 300w, https:\/\/www.soundarium.fr\/wp-content\/uploads\/2020\/03\/IMG_6585-768x576.jpg 768w, https:\/\/www.soundarium.fr\/wp-content\/uploads\/2020\/03\/IMG_6585-1536x1152.jpg 1536w, https:\/\/www.soundarium.fr\/wp-content\/uploads\/2020\/03\/IMG_6585-2048x1536.jpg 2048w, https:\/\/www.soundarium.fr\/wp-content\/uploads\/2020\/03\/IMG_6585-1200x900.jpg 1200w, https:\/\/www.soundarium.fr\/wp-content\/uploads\/2020\/03\/IMG_6585-1980x1485.jpg 1980w\" sizes=\"(max-width: 1024px) 100vw, 1024px\" \/><\/figure>\n\n\n\n<h2 class=\"wp-block-heading\"><strong>CONCEPTION<\/strong><\/h2>\n\n\n\n<p>Le SoundArium est un syst\u00e8me de diffusion sonore immersif pour le spectacle vivant compos\u00e9 de&nbsp;:<\/p>\n\n\n\n<p>-X enceintes,\nle nombre X est en rapport direct avec la pr\u00e9cision de l\u2019espace sonore souhait\u00e9\n(la pixellisation de l\u2019espace sonore).<\/p>\n\n\n\n<p>-X Sub, le\nnombre X est en rapport direct avec la puissance et la profondeur de grave du\nson souhait\u00e9<\/p>\n\n\n\n<p>-1 Console Son\npermettant le mixage des diff\u00e9rentes sources ainsi que le routing et le\ntraitement des diff\u00e9rentes sorties.<\/p>\n\n\n\n<p>-1 Station de\nMixage immersive (logiciel Spat R\u00e9volution + carte son in\/out)<\/p>\n\n\n\n<p>-1 Station de\nMixage d\u2019effets sonore (Ableton Live, UAD plugin etc\u2026)<\/p>\n\n\n\n<p><strong>-Pilot\u00e9 par 1 metteur en sc\u00e8ne sonore<\/strong> le plus souvent assist\u00e9 d\u2019un sonorisateur aux effets sonores et au mixage.<\/p>\n\n\n\n<p>Le SoundArium\nest bas\u00e9 sur l\u2019utilisation du logiciel de spatialisation <strong>\u00ab&nbsp;Spat\nR\u00e9volution&nbsp;\u00bb de la soci\u00e9t\u00e9 Flux&nbsp;::<\/strong><\/p>\n\n\n\n<p>Le SoundArium\nest possible gr\u00e2ce au pr\u00eat de<strong> mat\u00e9riel<\/strong> de la soci\u00e9t\u00e9 <strong>Whiti Audio<\/strong><\/p>\n\n\n\n<h2 class=\"wp-block-heading\"><strong>Type de<\/strong> SoundArium<\/h2>\n\n\n\n<p>Il y a 5 options de diffusion :<\/p>\n\n\n\n<p>&#8211; SoundArium CIRCULAIRE&nbsp;: X haut-parleurs autour du public sur pied + SUB<\/p>\n\n\n\n<p>&#8211;  SoundArium  FRONTAL&nbsp;: X haut-parleurs WFS + SUB<\/p>\n\n\n\n<p>&#8211;  SoundArium  TOTAL&nbsp;:&nbsp;X haut-parleurs autour du public + El\u00e9vation + sol + SUB<\/p>\n\n\n\n<p>&#8211;  SoundArium  BEAT&nbsp;: X haut-parleurs autour du public sur pied + Point centrale BEAT+ SUB<\/p>\n\n\n\n<p>&#8211;  SoundArium  FULL\u00a0: Toutes ces options sont cumulables<\/p>\n","protected":false},"excerpt":{"rendered":"<p>CONCEPTION Le SoundArium est un syst\u00e8me de diffusion sonore immersif pour le spectacle vivant compos\u00e9 de&nbsp;: -X enceintes, le nombre X est en rapport direct avec la pr\u00e9cision de l\u2019espace sonore souhait\u00e9 (la pixellisation de l\u2019espace sonore). -X Sub, le nombre X est en rapport direct avec la puissance et la profondeur de grave du [&hellip;]<\/p>\n","protected":false},"author":1,"featured_media":0,"parent":0,"menu_order":0,"comment_status":"closed","ping_status":"closed","template":"","meta":{"footnotes":""},"_links":{"self":[{"href":"https:\/\/www.soundarium.fr\/index.php\/wp-json\/wp\/v2\/pages\/43"}],"collection":[{"href":"https:\/\/www.soundarium.fr\/index.php\/wp-json\/wp\/v2\/pages"}],"about":[{"href":"https:\/\/www.soundarium.fr\/index.php\/wp-json\/wp\/v2\/types\/page"}],"author":[{"embeddable":true,"href":"https:\/\/www.soundarium.fr\/index.php\/wp-json\/wp\/v2\/users\/1"}],"replies":[{"embeddable":true,"href":"https:\/\/www.soundarium.fr\/index.php\/wp-json\/wp\/v2\/comments?post=43"}],"version-history":[{"count":8,"href":"https:\/\/www.soundarium.fr\/index.php\/wp-json\/wp\/v2\/pages\/43\/revisions"}],"predecessor-version":[{"id":148,"href":"https:\/\/www.soundarium.fr\/index.php\/wp-json\/wp\/v2\/pages\/43\/revisions\/148"}],"wp:attachment":[{"href":"https:\/\/www.soundarium.fr\/index.php\/wp-json\/wp\/v2\/media?parent=43"}],"curies":[{"name":"wp","href":"https:\/\/api.w.org\/{rel}","templated":true}]}}