{"id":34,"date":"2020-03-31T22:55:57","date_gmt":"2020-03-31T20:55:57","guid":{"rendered":"https:\/\/www.soundarium.fr\/?page_id=34"},"modified":"2020-04-08T18:53:50","modified_gmt":"2020-04-08T16:53:50","slug":"soundarium","status":"publish","type":"page","link":"https:\/\/www.soundarium.fr\/index.php\/soundarium\/","title":{"rendered":"SOUNDARIUM"},"content":{"rendered":"\n<p class=\"has-text-align-center\"><strong><em>INSTRUMENT DE DIFFUSION SONORE <\/em><\/strong><em><strong>3D IMMERSIF<\/strong><\/em><\/p>\n\n\n\n<p>Voici le SOUNDARIUM original, celui par-lequel tout a commenc\u00e9&#8230;<\/p>\n\n\n\n<div class=\"wp-block-image\"><figure class=\"aligncenter size-large\"><img loading=\"lazy\" decoding=\"async\" width=\"1024\" height=\"768\" src=\"https:\/\/www.soundarium.fr\/wp-content\/uploads\/2020\/04\/IMG_2065-1024x768.jpg\" alt=\"\" class=\"wp-image-171\" srcset=\"https:\/\/www.soundarium.fr\/wp-content\/uploads\/2020\/04\/IMG_2065-1024x768.jpg 1024w, https:\/\/www.soundarium.fr\/wp-content\/uploads\/2020\/04\/IMG_2065-300x225.jpg 300w, https:\/\/www.soundarium.fr\/wp-content\/uploads\/2020\/04\/IMG_2065-768x576.jpg 768w, https:\/\/www.soundarium.fr\/wp-content\/uploads\/2020\/04\/IMG_2065-1536x1152.jpg 1536w, https:\/\/www.soundarium.fr\/wp-content\/uploads\/2020\/04\/IMG_2065-2048x1536.jpg 2048w, https:\/\/www.soundarium.fr\/wp-content\/uploads\/2020\/04\/IMG_2065-1200x900.jpg 1200w, https:\/\/www.soundarium.fr\/wp-content\/uploads\/2020\/04\/IMG_2065-1980x1485.jpg 1980w\" sizes=\"(max-width: 1024px) 100vw, 1024px\" \/><figcaption>\u00ab\u00a0Je l&rsquo;ai conceptualis\u00e9 sur une table de repas un jour d&rsquo;Automne avec mon ami Arnaud Methivier.\u00a0\u00bb Terence Briand <\/figcaption><\/figure><\/div>\n\n\n\n<div class=\"wp-block-image\"><figure class=\"aligncenter size-large is-resized\"><img loading=\"lazy\" decoding=\"async\" src=\"https:\/\/www.soundarium.fr\/wp-content\/uploads\/2020\/03\/Soudarium-V3-1-1024x513.png\" alt=\"\" class=\"wp-image-35\" width=\"580\" height=\"290\" srcset=\"https:\/\/www.soundarium.fr\/wp-content\/uploads\/2020\/03\/Soudarium-V3-1-1024x513.png 1024w, https:\/\/www.soundarium.fr\/wp-content\/uploads\/2020\/03\/Soudarium-V3-1-300x150.png 300w, https:\/\/www.soundarium.fr\/wp-content\/uploads\/2020\/03\/Soudarium-V3-1-768x385.png 768w, https:\/\/www.soundarium.fr\/wp-content\/uploads\/2020\/03\/Soudarium-V3-1-1536x770.png 1536w, https:\/\/www.soundarium.fr\/wp-content\/uploads\/2020\/03\/Soudarium-V3-1-1200x601.png 1200w, https:\/\/www.soundarium.fr\/wp-content\/uploads\/2020\/03\/Soudarium-V3-1.png 1900w\" sizes=\"(max-width: 580px) 100vw, 580px\" \/><figcaption>Puis, quelques semaines plus tard sur Sketchup, r\u00e9alisation \u00e0 l\u2019\u00e9chelle&#8230;<\/figcaption><\/figure><\/div>\n\n\n\n<h2 class=\"wp-block-heading\">Pr\u00e9sentation<\/h2>\n\n\n\n<div class=\"wp-block-group\"><div class=\"wp-block-group__inner-container is-layout-flow wp-block-group-is-layout-flow\">\n<p>Objectifs&nbsp;: Sortir du Frontal<\/p>\n\n\n\n<p>En offrant aux compositeurs et au\npublic&nbsp;:<\/p>\n\n\n\n<p>-un SON <strong>Immersif<\/strong><\/p>\n\n\n\n<p>-un SON <strong>en mouvement<\/strong> circulaire, haut\/Bas, droite\/gauche. <strong>Une Vraie 3D sonore<\/strong><\/p>\n\n\n\n<p>-un SON pouvant se d\u00e9placer dans l\u2019espace\nsans perdre son int\u00e9gralit\u00e9 (timbre, hauteur, profondeur etc\u2026) \u2026 <strong>adapt\u00e9 \u00e0 la musique<\/strong><\/p>\n\n\n\n<p>-un SON <strong>en phase<\/strong> pour des rythmiques ou des impacts (gr\u00e2ce aux points centraux)<\/p>\n\n\n\n<p>-un SON avec un spectre sonore de 20hz \u00e0\n20&nbsp;000hz (variant de la basse d\u2019orgues au triangle) \u2026 restituant ainsi t<strong>out instrument.<\/strong><\/p>\n<\/div><\/div>\n\n\n\n<div class=\"wp-block-group\"><div class=\"wp-block-group__inner-container is-layout-flow wp-block-group-is-layout-flow\">\n<h2 class=\"wp-block-heading\">Composition <\/h2>\n\n\n\n<p><strong>Le C\u0153ur<\/strong>&nbsp;: Les Subs, situ\u00e9s en son centre. C\u2019est le v\u00e9ritable C\u0153ur du Soundarium. <\/p>\n\n\n\n<p><strong>Les &nbsp;Art\u00e8res<\/strong>&nbsp;: 4 Syst\u00e8mes son ind\u00e9pendants entourant le C\u0153ur et projetant le son vers l\u2019ext\u00e9rieur.<\/p>\n\n\n\n<p><strong>Les Veines<\/strong> : 8 Syst\u00e8mes son identiques aux centraux ind\u00e9pendants en couronne ext\u00e9rieur et dirig\u00e9s vers l\u2019int\u00e9rieur. <\/p>\n\n\n\n<p><strong>Les Veines secondaires<\/strong> : 24 Syst\u00e8mes de son plus petits ind\u00e9pendants, dispos\u00e9 en couronne ext\u00e9rieur basse dirig\u00e9s vers l\u2019int\u00e9rieur. <\/p>\n<\/div><\/div>\n\n\n\n<div class=\"wp-block-group\"><div class=\"wp-block-group__inner-container is-layout-flow wp-block-group-is-layout-flow\">\n<h2 class=\"wp-block-heading\">Descriptif Technique du SOUNDARIUM<\/h2>\n\n\n\n<p>Il se construit dans un cercle de 20m \u00e0\n100m de diam\u00e8tre.<\/p>\n\n\n\n<p>Dans l\u2019exemple propos\u00e9, il fera 50m de\ndiam\u00e8tre soit une surface publique de&nbsp;: 1963m2 donc entre 2000 et 5000\nspectateurs possibles.<\/p>\n\n\n\n<p><strong>-4 Points de son en couronne centrale\u00a0compos\u00e9 de : <\/strong><br>4 points de son s\u00e9par\u00e9s type Line Array suspendus en cercle centr\u00e9 avec une ouverture chacun \u00e0 90\u00b0 permettant ainsi une couverture \u00e0 360\u00b0. HP dirig\u00e9 vers l\u2019ext\u00e9rieur.<br>Diam\u00e8tre du cercle 5m<br>Hauteur des moteurs\u00a0: 8m<br>Le calage de ce syst\u00e8me devra couvrir la zone publique du d\u00f4me de fa\u00e7on homog\u00e8ne (-3 db d\u2019\u00e9cart sur les fr\u00e9quences de 80Hz a 18\u00a0000Hz)\u00a0 allant du centre jusqu\u2019\u00e0 la couronne ext\u00e9rieure \u00e0 1.80m de hauteur (public debout).<br>Soit 22.5m sur le sch\u00e9ma de base ci-dessous.<\/p>\n\n\n\n<p><strong>-1 Point SUB central compos\u00e9 de\u00a0:<\/strong><br>4 grappes d\u2019enceintes sub-basse suspendues au centre du cercle, regroup\u00e9es en un point mono ne diffusant que les fr\u00e9quences de 20 \u00e0 80Hz.<br>Hauteur des moteurs\u00a0: 8m<br>Le calage de ce syst\u00e8me devra couvrir la zone publique du d\u00f4me allant du centre jusqu\u2019\u00e0 la couronne ext\u00e9rieure.<\/p>\n\n\n\n<p><strong>-8 Points de son suspendus en couronne ext\u00e9rieure haute compos\u00e9s de\u00a0:<\/strong><br>8 points de son s\u00e9par\u00e9s de type Line array repartis sur le p\u00e9rim\u00e8tre du cercle et dirig\u00e9s vers le centre.<br>Diam\u00e8tre du cercle 50m<br>Hauteur des moteurs\u00a0: 8m<br>Le calage de ce syst\u00e8me devra couvrir la zone publique sur la totalit\u00e9 du diam\u00e8tre du cercle\u00a0 \u00e0 1.80m hauteur (public debout).<br>Soit 50m sur le sch\u00e9ma de base ci-dessous.<\/p>\n\n\n\n<p><strong>-24 Points de son en couronne ext\u00e9rieure basse compos\u00e9s de\u00a0:<\/strong><br>24 enceintes s\u00e9par\u00e9es de type coaxiales reparties sur le p\u00e9rim\u00e8tre du cercle et dirig\u00e9es vers le centre.<br>Diam\u00e8tre du cercle\u00a0: 50m<br>Hauteur des Enceintes\u00a0: 2.4m<\/p>\n<\/div><\/div>\n\n\n\n<h2 class=\"wp-block-heading\">Mode d&#8217;emploi<\/h2>\n\n\n\n<p>Notations pour partitions&nbsp;: (\u00e0 affiner, ce n&rsquo;est qu&rsquo;une proposition)<\/p>\n\n\n\n<p>Les 4 points de son centraux sont s\u00e9par\u00e9s en C1, C2, C3, C4 ou pour l\u2019ensemble CT.<\/p>\n\n\n\n<p>Les 8 points de son de la couronne ext\u00e9rieure a\u00e9rienne sont s\u00e9par\u00e9s en A1, A2, A3, A4, A5, A6, A7, A8 <\/p>\n\n\n\n<p>Les Subs&nbsp;sont Mono et not\u00e9s&nbsp;:\nSB<\/p>\n\n\n\n<p>Les 24 points de son circulaires en bas sont s\u00e9par\u00e9s en E1, E2, E3 etc\u2026. Jusqu\u2019\u00e0 E24<\/p>\n\n\n\n<p>A noter que pour se rep\u00e9rer, il suffit de\npartir de C1 en face A1 et E1 en dessous d\u2019A1 puis tourner dans le sens des\naiguilles d\u2019une montre. Attention A3 en face C2\u2026.<\/p>\n\n\n\n<p><strong>IMPROTANT&nbsp;:\nToutes ces r\u00e8gles sont valables sur la diffusion d\u2019un SON unique \u00e0 un temps T0.\n<\/strong><\/p>\n\n\n\n<p>Tout SON avec des SUB (fr\u00e9quences en\ndessous de 100hz) devra \u00eatre diffus\u00e9 par le centre.<\/p>\n\n\n\n<p>Tout SON avec fort impact (percussions ou\nautre) devra&nbsp;:<\/p>\n\n\n\n<p>&nbsp;&nbsp;&nbsp;&nbsp;&nbsp;&nbsp;&nbsp;&nbsp;&nbsp;&nbsp;&nbsp;&nbsp;&nbsp;&nbsp;&nbsp; Soit\n\u00eatre diffus\u00e9 au centre C1, C2, C3, C4 ou CT, <\/p>\n\n\n\n<p>&nbsp;&nbsp;&nbsp;&nbsp;&nbsp;&nbsp;&nbsp;&nbsp;&nbsp;&nbsp;&nbsp;&nbsp;&nbsp;&nbsp;&nbsp; Soit  \u00eatre diffus\u00e9  dans 1 point ou 2 points adjacents maximum de la couronne ext\u00e9rieure.&nbsp; (Exemple E3 et E4) <\/p>\n\n\n\n<p>Tout SON diffus\u00e9 dans la <strong>totalit\u00e9<\/strong> de la couronne ext\u00e9rieure basse C ou haute A aura un rendu tr\u00e8s diff\u00e9rent selon la position du public. (\u00c0 cause du d\u00e9calage temporel d\u00fb \u00e0 la distance des hauts parleurs.)<\/p>\n\n\n\n<figure class=\"wp-block-image size-large\"><img loading=\"lazy\" decoding=\"async\" width=\"768\" height=\"1024\" src=\"https:\/\/www.soundarium.fr\/wp-content\/uploads\/2020\/04\/IMG_2062-768x1024.jpg\" alt=\"\" class=\"wp-image-170\" srcset=\"https:\/\/www.soundarium.fr\/wp-content\/uploads\/2020\/04\/IMG_2062-768x1024.jpg 768w, https:\/\/www.soundarium.fr\/wp-content\/uploads\/2020\/04\/IMG_2062-225x300.jpg 225w, https:\/\/www.soundarium.fr\/wp-content\/uploads\/2020\/04\/IMG_2062-1152x1536.jpg 1152w, https:\/\/www.soundarium.fr\/wp-content\/uploads\/2020\/04\/IMG_2062-1536x2048.jpg 1536w, https:\/\/www.soundarium.fr\/wp-content\/uploads\/2020\/04\/IMG_2062-1200x1600.jpg 1200w, https:\/\/www.soundarium.fr\/wp-content\/uploads\/2020\/04\/IMG_2062-1980x2640.jpg 1980w, https:\/\/www.soundarium.fr\/wp-content\/uploads\/2020\/04\/IMG_2062-scaled.jpg 1920w\" sizes=\"(max-width: 768px) 100vw, 768px\" \/><figcaption>Maison o\u00f9 Nano et Terence, confin\u00e9s et isol\u00e9s durant 3 jours, ont d\u00e9couvert le <a href=\"https:\/\/www.soundarium.fr\/index.php\/soundarium\/\">SOUNDARIUM<\/a>. <\/figcaption><\/figure>\n","protected":false},"excerpt":{"rendered":"<p>INSTRUMENT DE DIFFUSION SONORE 3D IMMERSIF Voici le SOUNDARIUM original, celui par-lequel tout a commenc\u00e9&#8230; Pr\u00e9sentation Objectifs&nbsp;: Sortir du Frontal En offrant aux compositeurs et au public&nbsp;: -un SON Immersif -un SON en mouvement circulaire, haut\/Bas, droite\/gauche. Une Vraie 3D sonore -un SON pouvant se d\u00e9placer dans l\u2019espace sans perdre son int\u00e9gralit\u00e9 (timbre, hauteur, profondeur [&hellip;]<\/p>\n","protected":false},"author":1,"featured_media":0,"parent":0,"menu_order":0,"comment_status":"closed","ping_status":"closed","template":"","meta":{"footnotes":""},"_links":{"self":[{"href":"https:\/\/www.soundarium.fr\/index.php\/wp-json\/wp\/v2\/pages\/34"}],"collection":[{"href":"https:\/\/www.soundarium.fr\/index.php\/wp-json\/wp\/v2\/pages"}],"about":[{"href":"https:\/\/www.soundarium.fr\/index.php\/wp-json\/wp\/v2\/types\/page"}],"author":[{"embeddable":true,"href":"https:\/\/www.soundarium.fr\/index.php\/wp-json\/wp\/v2\/users\/1"}],"replies":[{"embeddable":true,"href":"https:\/\/www.soundarium.fr\/index.php\/wp-json\/wp\/v2\/comments?post=34"}],"version-history":[{"count":27,"href":"https:\/\/www.soundarium.fr\/index.php\/wp-json\/wp\/v2\/pages\/34\/revisions"}],"predecessor-version":[{"id":229,"href":"https:\/\/www.soundarium.fr\/index.php\/wp-json\/wp\/v2\/pages\/34\/revisions\/229"}],"wp:attachment":[{"href":"https:\/\/www.soundarium.fr\/index.php\/wp-json\/wp\/v2\/media?parent=34"}],"curies":[{"name":"wp","href":"https:\/\/api.w.org\/{rel}","templated":true}]}}