{"id":2,"date":"2020-02-26T17:35:21","date_gmt":"2020-02-26T16:35:21","guid":{"rendered":"http:\/\/www.soundarium.fr\/?page_id=2"},"modified":"2020-04-07T11:31:49","modified_gmt":"2020-04-07T09:31:49","slug":"page-d-exemple","status":"publish","type":"page","link":"https:\/\/www.soundarium.fr\/index.php\/page-d-exemple\/","title":{"rendered":"Pr\u00e9sentation"},"content":{"rendered":"\n<p> <strong>D\u00c9FINITION<\/strong> de \u00ab\u00a0SoundArium\u00a0\u00bb<\/p>\n\n\n\n<p>Dans le spectacle vivant, ensemble de moyens techniques mis en place dans un lieu afin de diffuser une \u0153uvre sonore immersive. Tous les utilisateurs doivent avoir une intention artistique immersive. L&rsquo;utilisation doit \u00eatre dirig\u00e9e par un \u00ab\u00a0Metteur en sc\u00e8ne sonore\u00a0\u00bb.<\/p>\n\n\n\n<p><strong>OBJECTIFS<\/strong> <\/p>\n\n\n\n<p>Promouvoir et\nfaire d\u00e9couvrir l\u2019immersion sonore.<\/p>\n\n\n\n<p>D\u00e9multiplier les \u00e9motions du spectateur.<\/p>\n\n\n\n<p>Faire un pont entre spectacle vivant et r\u00e9alit\u00e9\naugment\u00e9e et r\u00e9alit\u00e9 virtuelle.&nbsp;<\/p>\n\n\n\n<p>Recentrer\nl\u2019attention du public sur le son afin d\u2019oublier l\u2019image produite par nos yeux.<\/p>\n\n\n\n<p>Rassembler des\nartistes autour de la cr\u00e9ation sonore immersive<\/p>\n\n\n\n<p><strong>FINALITES<\/strong><\/p>\n\n\n\n<p>Finalit\u00e9 \u00e9motionnelle&nbsp;: Reproduire voire amplifier l\u2019\u00e9motion\nproduite par un ou plusieurs artiste(s).<\/p>\n\n\n\n<p>Finalit\u00e9 m\u00e9dicale&nbsp;: C\u2019est un vecteur pour la m\u00e9ditation, il aide\nau recentrage de soi m\u00eame dans le monde existant.<\/p>\n","protected":false},"excerpt":{"rendered":"<p>D\u00c9FINITION de \u00ab\u00a0SoundArium\u00a0\u00bb Dans le spectacle vivant, ensemble de moyens techniques mis en place dans un lieu afin de diffuser une \u0153uvre sonore immersive. Tous les utilisateurs doivent avoir une intention artistique immersive. L&rsquo;utilisation doit \u00eatre dirig\u00e9e par un \u00ab\u00a0Metteur en sc\u00e8ne sonore\u00a0\u00bb. OBJECTIFS Promouvoir et faire d\u00e9couvrir l\u2019immersion sonore. D\u00e9multiplier les \u00e9motions du spectateur. [&hellip;]<\/p>\n","protected":false},"author":1,"featured_media":0,"parent":0,"menu_order":0,"comment_status":"closed","ping_status":"open","template":"","meta":{"footnotes":""},"_links":{"self":[{"href":"https:\/\/www.soundarium.fr\/index.php\/wp-json\/wp\/v2\/pages\/2"}],"collection":[{"href":"https:\/\/www.soundarium.fr\/index.php\/wp-json\/wp\/v2\/pages"}],"about":[{"href":"https:\/\/www.soundarium.fr\/index.php\/wp-json\/wp\/v2\/types\/page"}],"author":[{"embeddable":true,"href":"https:\/\/www.soundarium.fr\/index.php\/wp-json\/wp\/v2\/users\/1"}],"replies":[{"embeddable":true,"href":"https:\/\/www.soundarium.fr\/index.php\/wp-json\/wp\/v2\/comments?post=2"}],"version-history":[{"count":7,"href":"https:\/\/www.soundarium.fr\/index.php\/wp-json\/wp\/v2\/pages\/2\/revisions"}],"predecessor-version":[{"id":199,"href":"https:\/\/www.soundarium.fr\/index.php\/wp-json\/wp\/v2\/pages\/2\/revisions\/199"}],"wp:attachment":[{"href":"https:\/\/www.soundarium.fr\/index.php\/wp-json\/wp\/v2\/media?parent=2"}],"curies":[{"name":"wp","href":"https:\/\/api.w.org\/{rel}","templated":true}]}}