{"id":17,"date":"2020-03-04T09:41:35","date_gmt":"2020-03-04T08:41:35","guid":{"rendered":"https:\/\/www.soundarium.fr\/?page_id=17"},"modified":"2020-04-06T23:18:49","modified_gmt":"2020-04-06T21:18:49","slug":"formations","status":"publish","type":"page","link":"https:\/\/www.soundarium.fr\/index.php\/formations\/","title":{"rendered":"Formations"},"content":{"rendered":"\n<figure class=\"wp-block-image size-large\"><img loading=\"lazy\" decoding=\"async\" width=\"1024\" height=\"768\" src=\"https:\/\/www.soundarium.fr\/wp-content\/uploads\/2020\/04\/IMG_4026-1024x768.jpg\" alt=\"\" class=\"wp-image-172\" srcset=\"https:\/\/www.soundarium.fr\/wp-content\/uploads\/2020\/04\/IMG_4026-1024x768.jpg 1024w, https:\/\/www.soundarium.fr\/wp-content\/uploads\/2020\/04\/IMG_4026-300x225.jpg 300w, https:\/\/www.soundarium.fr\/wp-content\/uploads\/2020\/04\/IMG_4026-768x576.jpg 768w, https:\/\/www.soundarium.fr\/wp-content\/uploads\/2020\/04\/IMG_4026-1536x1152.jpg 1536w, https:\/\/www.soundarium.fr\/wp-content\/uploads\/2020\/04\/IMG_4026-2048x1536.jpg 2048w, https:\/\/www.soundarium.fr\/wp-content\/uploads\/2020\/04\/IMG_4026-1200x900.jpg 1200w, https:\/\/www.soundarium.fr\/wp-content\/uploads\/2020\/04\/IMG_4026-1980x1485.jpg 1980w\" sizes=\"(max-width: 1024px) 100vw, 1024px\" \/><figcaption><strong>Formation \u00ab\u00a0Cr\u00e9ation Sonore Immersive pour le spectacle vivant\u00a0\u00bb<\/strong><br>Terence Briand (metteur en sc\u00e8ne sonore), Jean-Marc Duchenne (compositeur acousmatique) et Arnaud NANO Methivier (Cr\u00e9ateur spectacles immersifs)<\/figcaption><\/figure>\n\n\n\n<p class=\"has-text-align-center\"><strong>Formation cr\u00e9\u00e9e par la soci\u00e9t\u00e9 Whiti Audio Formation:<\/strong><\/p>\n\n\n\n<figure class=\"wp-block-embed-wordpress aligncenter wp-block-embed is-type-wp-embed is-provider-whiti-audio-formation\"><div class=\"wp-block-embed__wrapper\">\n<blockquote class=\"wp-embedded-content\" data-secret=\"y6fE1PkG4S\"><a href=\"https:\/\/formation.whitiaudio.fr\/creation-sonore-immersive\/\">Cr\u00e9ation Sonore Immersive pour le spectacle vivant<\/a><\/blockquote><iframe title=\"\u00ab\u00a0Cr\u00e9ation Sonore Immersive pour le spectacle vivant\u00a0\u00bb &#8212; Whiti Audio Formation\" class=\"wp-embedded-content\" sandbox=\"allow-scripts\" security=\"restricted\" style=\"position: absolute; clip: rect(1px, 1px, 1px, 1px);\" src=\"https:\/\/formation.whitiaudio.fr\/creation-sonore-immersive\/embed\/#?secret=y6fE1PkG4S\" data-secret=\"y6fE1PkG4S\" width=\"580\" height=\"327\" frameborder=\"0\" marginwidth=\"0\" marginheight=\"0\" scrolling=\"no\"><\/iframe>\n<\/div><\/figure>\n\n\n\n<p><\/p>\n","protected":false},"excerpt":{"rendered":"<p>Formation cr\u00e9\u00e9e par la soci\u00e9t\u00e9 Whiti Audio Formation:<\/p>\n","protected":false},"author":1,"featured_media":0,"parent":0,"menu_order":0,"comment_status":"closed","ping_status":"closed","template":"","meta":{"footnotes":""},"_links":{"self":[{"href":"https:\/\/www.soundarium.fr\/index.php\/wp-json\/wp\/v2\/pages\/17"}],"collection":[{"href":"https:\/\/www.soundarium.fr\/index.php\/wp-json\/wp\/v2\/pages"}],"about":[{"href":"https:\/\/www.soundarium.fr\/index.php\/wp-json\/wp\/v2\/types\/page"}],"author":[{"embeddable":true,"href":"https:\/\/www.soundarium.fr\/index.php\/wp-json\/wp\/v2\/users\/1"}],"replies":[{"embeddable":true,"href":"https:\/\/www.soundarium.fr\/index.php\/wp-json\/wp\/v2\/comments?post=17"}],"version-history":[{"count":6,"href":"https:\/\/www.soundarium.fr\/index.php\/wp-json\/wp\/v2\/pages\/17\/revisions"}],"predecessor-version":[{"id":198,"href":"https:\/\/www.soundarium.fr\/index.php\/wp-json\/wp\/v2\/pages\/17\/revisions\/198"}],"wp:attachment":[{"href":"https:\/\/www.soundarium.fr\/index.php\/wp-json\/wp\/v2\/media?parent=17"}],"curies":[{"name":"wp","href":"https:\/\/api.w.org\/{rel}","templated":true}]}}