{"id":15,"date":"2020-03-04T09:41:35","date_gmt":"2020-03-04T08:41:35","guid":{"rendered":"https:\/\/www.soundarium.fr\/?page_id=15"},"modified":"2020-10-27T21:11:52","modified_gmt":"2020-10-27T20:11:52","slug":"wanderlust-orchestra-page","status":"publish","type":"page","link":"https:\/\/www.soundarium.fr\/index.php\/wanderlust-orchestra-page\/","title":{"rendered":"Wanderlust Orchestra"},"content":{"rendered":"\n<p class=\"has-text-align-center has-larger-font-size\"><strong>\u00ab\u00a0Ville Totale\u00a0\u00bb<\/strong> Concert immersif en 7.1<\/p>\n\n\n\n<p style=\"background-color:#2100a3\" class=\"has-background\">Apr\u00e8s avoir suivi notre stage <a href=\"https:\/\/formation.whitiaudio.fr\/creation-sonore-immersive\/\">\u00ab\u00a0cr\u00e9ation Sonore Immersive pour le spectacle vivant\u00a0\u00bb<\/a>, <strong>ELLINOA<\/strong> a \u00e9crit son prochain spectacle pour le <a href=\"https:\/\/www.wanderlust-orchestra.com\/\">Wanderlust Orchestra (15 musiciens)<\/a> en IMMERSION SONORE. <\/p>\n\n\n\n<p>Composition &amp; arrangements : Camille Durand  \u00ab\u00a0ELLINOA\u00a0\u00bb<\/p>\n\n\n\n<p>Mise en sc\u00e8ne Sonore : Terence Briand<\/p>\n\n\n\n<p>Mixage : Sebastien Bedrunes \/ Terence Briand<\/p>\n\n\n\n<figure class=\"wp-block-image size-large is-resized\"><img loading=\"lazy\" decoding=\"async\" src=\"https:\/\/www.soundarium.fr\/wp-content\/uploads\/2020\/10\/IMG_9276-1024x768.jpg\" alt=\"\" class=\"wp-image-270\" width=\"728\" height=\"546\" srcset=\"https:\/\/www.soundarium.fr\/wp-content\/uploads\/2020\/10\/IMG_9276-1024x768.jpg 1024w, https:\/\/www.soundarium.fr\/wp-content\/uploads\/2020\/10\/IMG_9276-300x225.jpg 300w, https:\/\/www.soundarium.fr\/wp-content\/uploads\/2020\/10\/IMG_9276-768x576.jpg 768w, https:\/\/www.soundarium.fr\/wp-content\/uploads\/2020\/10\/IMG_9276-1536x1152.jpg 1536w, https:\/\/www.soundarium.fr\/wp-content\/uploads\/2020\/10\/IMG_9276-2048x1536.jpg 2048w, https:\/\/www.soundarium.fr\/wp-content\/uploads\/2020\/10\/IMG_9276-1200x900.jpg 1200w, https:\/\/www.soundarium.fr\/wp-content\/uploads\/2020\/10\/IMG_9276-1980x1485.jpg 1980w\" sizes=\"(max-width: 728px) 100vw, 728px\" \/><figcaption>Residence a L\u2019estran \u00e0 Guidel en Octobre 2020.<\/figcaption><\/figure>\n\n\n\n<p>NOTE D&rsquo;INTENTION \u00ab\u00a0VILLE TOTALE\u00a0\u00bb<\/p>\n\n\n\n<p>La ville, qui rassure et inqui\u00e8te, entre foule et isolement, richesse et pauvret\u00e9, abondance et st\u00e9rilit\u00e9, personnage \u00e0 part enti\u00e8re, sera au c\u0153ur du projet \u00ab ville totale \u00bb (titre provisoire). En 2050, les deux tiers de la population mondiale vivront en ville ; et d\u2019un autre c\u00f4t\u00e9, un effondrement \u00e9conomique et une crise climatique remettant en cause le mod\u00e8le de soci\u00e9t\u00e9 que l\u2019on conna\u00eet ne manqueront pas d\u2019op\u00e9rer de profonds bouleversements sur le visage des villes.<\/p>\n\n\n\n<p>Ce programme se pr\u00e9sente comme l\u2019exploration musicaled\u2019une dystopie mettant en sc\u00e8ne une m\u00e9galopole imaginaire, comme un l\u00e9viathan qui prend de plus en plus d\u2019ampleur jusqu\u2019\u00e0 s\u2019effondrer et c\u00e9der \u00e0 la nature triomphante : la ville famili\u00e8re devient ville ali\u00e9nante, elle-m\u00eame personnage qui se transforme et finit par devoir se r\u00e9inventer ou imploser.<\/p>\n\n\n\n<p>Le r\u00e9pertoire de cr\u00e9ation, compos\u00e9 et orchestr\u00e9 par Ellinoa, puisera aux multiples sources du jazz, avec des influences impressionnistes, ou encore rock-prog, avec des moments bruitistes, d\u2019improvisation libre collective, minimalistes ou r\u00e9p\u00e9titifs. Particuli\u00e8rement pr\u00e9sents seront les \u00e9l\u00e9ments rythmiques (polyrythmes, transe et moments hypnotiques&#8230;), ou encore les effets d\u2019orchestre, faisant \u00e9cho aux forces vitales de la ville, faite de flux et de mouvements ; tout en gardant une certaine universalit\u00e9 dans le langage pour garder un lien privil\u00e9gi\u00e9 avec le public. Contrairement au premier programme du Wanderlust, cette fois la voix dira ou chantera des textes, \u00e9crits sur la th\u00e9matique.<\/p>\n\n\n\n<p>Mais surtout, l\u2019\u00e9l\u00e9ment innovant se mettant au service du propos est le son immersif. Cette technique, aussi appel\u00e9e \u00ab son 3D \u00bb ou \u00ab son spatialis\u00e9 \u00bb, consiste en une diffusion du \u00ab mix sonore\u00bb, qui va au-del\u00e0 de la st\u00e9r\u00e9o habituelle mais qui permet aux diff\u00e9rents sons des instruments d\u2019\u00e9merger de tout point de la salle, \u00e0 l\u2019aide d\u2019une installation d\u2019enceintes suppl\u00e9mentaires et d\u2019un syst\u00e8me de contr\u00f4le dynamique en temps r\u00e9el. C\u2019est un syst\u00e8me \u00e0 la pointe dont peud\u2019artistes se sont encore saisis, et encore moins d\u2019orchestres. Au-del\u00e0 de l\u2019aspect innovant, cette technique cr\u00e9\u00e9 un rapport encore plus intime avec le public, d\u2019une r\u00e9ceptivit\u00e9 nouvelle, comme nous l\u2019avons constat\u00e9 avec Terence Briand, l\u2019ing\u00e9nieur du son. Ce dernier a d\u00e9velopp\u00e9 l\u2019installation SoundArium sur laquelle Ellinoa a effectu\u00e9 une formation de deux semaines en mai dernier, aux c\u00f4t\u00e9s d\u2019ing\u00e9nieurs du son. En tant que compositrice, cela lui a permis de comprendre ces nouveaux outils mais aussid\u2019explorer les nouvelles possibilit\u00e9s cr\u00e9atives rendues possibles par ce syst\u00e8me.<\/p>\n\n\n\n<p>Pour \u00ab Ville totale \u00bb, l\u2019\u00e9criture musicale irait donc au-del\u00e0 de la simple partition mais prendrait en compte la spatialisation dynamique du son afin de d\u00e9velopper une vraie \u00e9criture immersive, une \u00e9criture du mouvement. Les m\u00e9langes timbraux que permet l\u2019orchestre se red\u00e9ploieraient en g\u00e9n\u00e9rant une \u00e9motion nouvelle. Cette \u00e9criture pourrait \u00eatre m\u00eal\u00e9e \u00e0 des captations binaurales de sons de la ville (notamment le Grand Paris), diffus\u00e9es pendant le concert.<\/p>\n\n\n\n<figure class=\"wp-block-image size-large is-resized\"><img loading=\"lazy\" decoding=\"async\" src=\"https:\/\/www.soundarium.fr\/wp-content\/uploads\/2020\/10\/IMG_9335-1024x290.jpg\" alt=\"\" class=\"wp-image-272\" width=\"927\" height=\"262\" srcset=\"https:\/\/www.soundarium.fr\/wp-content\/uploads\/2020\/10\/IMG_9335-1024x290.jpg 1024w, https:\/\/www.soundarium.fr\/wp-content\/uploads\/2020\/10\/IMG_9335-300x85.jpg 300w, https:\/\/www.soundarium.fr\/wp-content\/uploads\/2020\/10\/IMG_9335-768x217.jpg 768w, https:\/\/www.soundarium.fr\/wp-content\/uploads\/2020\/10\/IMG_9335-1536x434.jpg 1536w, https:\/\/www.soundarium.fr\/wp-content\/uploads\/2020\/10\/IMG_9335-2048x579.jpg 2048w, https:\/\/www.soundarium.fr\/wp-content\/uploads\/2020\/10\/IMG_9335-1200x339.jpg 1200w, https:\/\/www.soundarium.fr\/wp-content\/uploads\/2020\/10\/IMG_9335-1980x560.jpg 1980w\" sizes=\"(max-width: 927px) 100vw, 927px\" \/><\/figure>\n\n\n\n<p>DESCRIPTION TECHNIQUE \u00ab\u00a0VILLE TOTALE\u00a0\u00bb<\/p>\n\n\n\n<p>Le 7 octobre 2020, a L\u2019estran \u00e0 Guidel, a eu lieu le 1 er concert du \u00ab&nbsp;Wanderlust Orchestra&nbsp;\u00bb compos\u00e9 de 15 musiciens. L\u2019\u0153uvre : \u00ab&nbsp;Ville Totale&nbsp;\u00bb a \u00e9tait enti\u00e8rement \u00e9crite, arranger et r\u00e9alis\u00e9 en Immersion sonore. La compositrice et chef d\u2019orchestre Ellinoa a \u00e9crit cette \u0153uvre en pensant et \u00e9crivant la spatialisation de chaque musicien.<\/p>\n\n\n\n<p>L\u2019ing\u00e9nieur du son TERENCE Briand et son complice S\u00e9bastien Bedrunes ont mixer le concert sur une console Yamaha CL5 en y int\u00e9grant une station Spat R\u00e9volution, enti\u00e8rement c\u00e2bl\u00e9 en Dante.<\/p>\n\n\n\n<p>La station 3D compos\u00e9 d\u2019une Mac book pro i9 avec 8 c\u0153urs est c\u00e2bl\u00e9 en Dante via une carte son RME Digiface DANTE. Le contr\u00f4le du spat c\u2019est fait par 2 IPad via l\u2019application L\u00e9mur.<\/p>\n\n\n\n<p>L\u2019unique console CL5 a permis de g\u00e9rer la Fa\u00e7ade mais \u00e9galement les 8 circuits retours de l\u2019orchestre.<\/p>\n\n\n\n<p>Les 32 micros de l\u2019orchestre ont \u00e9t\u00e9 repris et trait\u00e9s directement sur la CL5 puis envoy\u00e9 vers le Spat en direct out post fader. Ce qui permet de garder le mix complet \u00e0 La console.<\/p>\n\n\n\n<p>4 effets st\u00e9r\u00e9o de la CL5 ont \u00e9galement \u00e9t\u00e9 router vers la Station 3D.<\/p>\n\n\n\n<p>Le Spat a donc permis la spatialisation des 40 canaux : 32 micros + 4 fx st\u00e9r\u00e9os<\/p>\n\n\n\n<p>La station 3D a renvoy\u00e9 ses 8 canaux, 7 + 1, \u00e0 la console CL5 via Dante. C\u2019est 8 pistes ont \u00e9tait router vers 8 sorties Matrix pour traitements avant d\u2019attaquer les amplis du syst\u00e8me son L. Acoustique MTD115 et SUB 218.<\/p>\n\n\n\n<p>\u00ab&nbsp;Au final j\u2019ai utilis\u00e9 principalement la reverb de simulation acoustique du Spat R\u00e9volution de l\u2019Ircam qui apport\u00e9e une homog\u00e9n\u00e9it\u00e9 et une coh\u00e9rence \u00e0 la spatialisation.&nbsp;\u00bb<\/p>\n\n\n\n<p>\u00ab&nbsp;Nous avons r\u00e9ussi \u00e0 descendre la latence \u00e0 64 samples sur la station 3D, soit 1,6 ms in\/out. Le Dante ajoutais 1 ms&#8230; puis la CL. Au final cela ne s\u2019entendait pas du tout et n\u2019a provoqu\u00e9 aucune g\u00eane aux musiciens pourtant proche de la fa\u00e7ade.&nbsp;\u00bb<\/p>\n\n\n\n<p>Le But n\u2019\u00e9tant pas un one Shot, mais r\u00e9ellement de tourner en 3D sonore, TERENCE a choisi d\u2019utiliser les Syst\u00e8mes de diffusion st\u00e9r\u00e9o d\u00e9j\u00e0 install\u00e9s en s\u00e9parant les Sub (pour un management autonome) puis de rajouter 5 points de son en Surround.<\/p>\n\n\n\n<p>\u00ab&nbsp;Ici, il y avait 1 MTD 115 accroch\u00e9 de chaque c\u00f4t\u00e9 pour les bas de gradin puis 1 accroch\u00e9 4 m au-dessus pour le raccord Milieu\/fond de salle. Les rajouts de points de diffusions ne pouvaient pas se faire de mani\u00e8re optimum du au point d\u2019accroche dans la salle (passerelles). Nous avons donc accroch\u00e9 les points au mieux possibles&#8230; malgr\u00e9 les \u00e9carts de 4m par rapport au point id\u00e9aux de positionnement, la gestion de speakers du Spat a permis une r\u00e9partition et une pr\u00e9cision des placements des instruments vraiment impressionnantes.&nbsp;\u00bb<\/p>\n\n\n\n<p>Le concert a \u00e9t\u00e9 une tr\u00e8s belle r\u00e9ussite au dire des 200 spectateurs et quelques journalistes pr\u00e9sents dans la salle ayant eu la chance d\u2019assister \u00e0 cette premi\u00e8re.<\/p>\n\n\n\n<p>C\u2019est une premi\u00e8re qui r\u00e9volutionne la sonorisation car il est belle et bien possible de r\u00e9aliser des concerts en immersion avec des Budgets corrects&#8230;.<\/p>\n","protected":false},"excerpt":{"rendered":"<p>\u00ab\u00a0Ville Totale\u00a0\u00bb Concert immersif en 7.1 Apr\u00e8s avoir suivi notre stage \u00ab\u00a0cr\u00e9ation Sonore Immersive pour le spectacle vivant\u00a0\u00bb, ELLINOA a \u00e9crit son prochain spectacle pour le Wanderlust Orchestra (15 musiciens) en IMMERSION SONORE. Composition &amp; arrangements : Camille Durand \u00ab\u00a0ELLINOA\u00a0\u00bb Mise en sc\u00e8ne Sonore : Terence Briand Mixage : Sebastien Bedrunes \/ Terence Briand NOTE [&hellip;]<\/p>\n","protected":false},"author":1,"featured_media":0,"parent":0,"menu_order":0,"comment_status":"closed","ping_status":"closed","template":"","meta":{"footnotes":""},"_links":{"self":[{"href":"https:\/\/www.soundarium.fr\/index.php\/wp-json\/wp\/v2\/pages\/15"}],"collection":[{"href":"https:\/\/www.soundarium.fr\/index.php\/wp-json\/wp\/v2\/pages"}],"about":[{"href":"https:\/\/www.soundarium.fr\/index.php\/wp-json\/wp\/v2\/types\/page"}],"author":[{"embeddable":true,"href":"https:\/\/www.soundarium.fr\/index.php\/wp-json\/wp\/v2\/users\/1"}],"replies":[{"embeddable":true,"href":"https:\/\/www.soundarium.fr\/index.php\/wp-json\/wp\/v2\/comments?post=15"}],"version-history":[{"count":10,"href":"https:\/\/www.soundarium.fr\/index.php\/wp-json\/wp\/v2\/pages\/15\/revisions"}],"predecessor-version":[{"id":275,"href":"https:\/\/www.soundarium.fr\/index.php\/wp-json\/wp\/v2\/pages\/15\/revisions\/275"}],"wp:attachment":[{"href":"https:\/\/www.soundarium.fr\/index.php\/wp-json\/wp\/v2\/media?parent=15"}],"curies":[{"name":"wp","href":"https:\/\/api.w.org\/{rel}","templated":true}]}}